{"id":748,"date":"2026-02-18T20:12:52","date_gmt":"2026-02-18T20:12:52","guid":{"rendered":"https:\/\/ciss.uas.edu.mx\/?page_id=748"},"modified":"2026-02-18T20:40:20","modified_gmt":"2026-02-18T20:40:20","slug":"premios-ciss-2026","status":"publish","type":"page","link":"https:\/\/ciss.uas.edu.mx\/index.php\/premios-ciss-2026\/","title":{"rendered":"Premios CISS 2026"},"content":{"rendered":"\n<h2 class=\"wp-block-heading has-text-align-center\">En el marco de las actividades previas a la celebraci\u00f3n del <strong>43\u00ba Congreso Nacional y 17\u00ba Internacional de Servicio Social y Voluntariado Universitario<\/strong>, evento que asume el eslogan: <strong>\u201cPensamos para progresar y actuamos para transformar desde enfoques multidisciplinarios y multisectoriales gestionando alianzas para el desarrollo social\u201d<\/strong>; la Comisi\u00f3n Interuniversitaria de Servicio Social de M\u00e9xico, a trav\u00e9s de la Vicerrector\u00eda de Extensi\u00f3n Universitaria de la Universidad de Guant\u00e1namo, Cuba, <\/h2>\n\n\n\n<p class=\"has-text-align-center\">emite la <strong>CONVOCATORIA<\/strong> <br>para participar en la postulaci\u00f3n a los <\/p>\n\n\n\n<h1 class=\"wp-block-heading has-text-align-center has-vivid-red-color has-text-color has-link-color wp-elements-ffb4981b2ea831971d52591c6308f2a3\">Premios Nacionales e Internacionales <br>de Servicio Social 2026<\/h1>\n\n\n\n<p><strong>I. Premios Nacionales de Servicio Social<br><\/strong>La postulaci\u00f3n a premios nacionales va dirigido a participantes de M\u00e9xico, siendo las categor\u00edas establecidas: <\/p>\n\n\n\n<ul class=\"wp-block-list\">\n<li>Estudiante: individual y colectivo. <\/li>\n\n\n\n<li>Docente: individual y colectivo. <\/li>\n\n\n\n<li>Programa Institucional. <\/li>\n\n\n\n<li>Trayectoria Institucional.<\/li>\n<\/ul>\n\n\n\n<p><strong>Los expedientes deber\u00e1n cumplir con las siguientes exigencias:<\/strong><\/p>\n\n\n\n<p><strong>A-Los trabajos para las categor\u00edas de estudiante individual o colectivo, docente individual o colectivo y Programa Institucional, deber\u00e1n ser presentados en la plantilla que se propone, con un m\u00e1ximo de 10 cuartillas. La propuesta deber\u00e1 contener lo siguiente: <\/strong><\/p>\n\n\n\n<ul class=\"wp-block-list\">\n<li><strong>Datos generales:<\/strong> t\u00edtulo del trabajo, nombre de la instituci\u00f3n de procedencia, nombre del autor(a) o autores(as) y semblanza acad\u00e9mica individual (m\u00e1ximo 60 palabras). <\/li>\n\n\n\n<li><strong>Resumen<\/strong> (120 palabras). <\/li>\n\n\n\n<li><strong>Palabras claves<\/strong> (cuatro palabras). <\/li>\n\n\n\n<li><strong>Problem\u00e1tica detectada<\/strong> (250 palabras). <\/li>\n\n\n\n<li><strong>Metodolog\u00eda <\/strong>(200 palabras). <\/li>\n\n\n\n<li><strong>Desarrollo de aprendizajes<\/strong> (200 palabras). <\/li>\n\n\n\n<li><strong>Resultados<\/strong> (300 palabras). <\/li>\n\n\n\n<li><strong>Recomendaciones <\/strong>(120 palabras). <\/li>\n\n\n\n<li><strong>Referencias.<\/strong> <\/li>\n\n\n\n<li><strong>Anexos.<\/strong><\/li>\n<\/ul>\n\n\n\n<p><strong>Requisitos:<\/strong><\/p>\n\n\n\n<ul class=\"wp-block-list\">\n<li>Para el brigadista presentar constancia de haber terminado su servicio social.<\/li>\n\n\n\n<li>Para el docente presentar constancia de ser responsable de proyecto de una unidad receptora.<\/li>\n\n\n\n<li>Para el directivo \u2013 trayectoria &#8211; presentar constancia de haber desarrollado o participado en el<br>servicio social y\/o voluntariado universitario por un m\u00ednimo de cinco a\u00f1os.<br>Para todas las categor\u00edas:<\/li>\n\n\n\n<li>Evidencias por escrito de poblaci\u00f3n objetivo-beneficiada.<\/li>\n\n\n\n<li>Carta de postulaci\u00f3n\u2013aval por la autoridad de servicio social o voluntariado universitario correspondiente.<\/li>\n<\/ul>\n\n\n\n<p><strong>B. La categor\u00eda de Trayectoria Institucional contempla un m\u00e1ximo de 20 cuartillas. La postulaci\u00f3n deber\u00e1 contener: <\/strong><\/p>\n\n\n\n<ul class=\"wp-block-list\">\n<li>Nombre de la persona propuesta. <\/li>\n\n\n\n<li>Semblanza del Autor (m\u00e1ximo 500 palabras). Experiencia desarrollada, destacando los aprendizajes acad\u00e9micos, administrativos y<br>culturales relevantes. <\/li>\n\n\n\n<li>Experiencia desarrollada en materia de vinculaci\u00f3n con la comunidad y sociedad. <\/li>\n\n\n\n<li>Anexo el curr\u00edculum de la persona propuesta, que incluya: fotograf\u00edas, constancias de participaci\u00f3n, reconocimientos, menciones honor\u00edficas que respaldan su trayectoria en el servicio social, voluntariado y\/o la extensi\u00f3n universitaria.<\/li>\n<\/ul>\n\n\n\n<p>Las propuestas deben estar avaladas por la autoridad competente de la entidad educativa.<br><\/p>\n\n\n\n<p><strong>II.- Premio Internacional de Compromiso Social <\/strong><\/p>\n\n\n\n<ul class=\"wp-block-list\">\n<li>Institucional. <\/li>\n\n\n\n<li>Trayectoria.<\/li>\n<\/ul>\n\n\n\n<p>El premio Internacional de Compromiso Social, en sus categor\u00edas Institucional y Trayectoria est\u00e1 dirigido a todas las Instituciones de Educaci\u00f3n Superior y personas de Latinoam\u00e9rica, a excepci\u00f3n de M\u00e9xico.<br><br>La categor\u00eda Institucional se refiere a un programa de servicio social, voluntariado y\/o extensi\u00f3n universitaria, con un m\u00ednimo de operaci\u00f3n de tres a\u00f1os. La categor\u00eda Trayectoria se refiere a una persona que desarrolla actividades profesionales en el campo del servicio social, voluntariado y\/o extensionismo universitario, con un m\u00ednimo 5 a\u00f1os.<\/p>\n\n\n\n<p>Las postulaciones, a las categor\u00edas antes mencionadas, deber\u00e1n contar con el aval del Rector o autoridad competente en el servicio social, voluntariado y\/o la extensi\u00f3n universitaria. La propuesta deber\u00e1 tener un m\u00e1ximo de 20 cuartillas.<br><\/p>\n\n\n\n<p><strong>Aspectos a tener en cuenta:<\/strong><\/p>\n\n\n\n<ol class=\"wp-block-list\">\n<li>Las propuestas ser\u00e1n enviadas al correo electr\u00f3nico premiociss2026@cug.co.cu con el anunciado Premio CISS y la categor\u00eda a la que se postula.<\/li>\n\n\n\n<li>El plazo de recepci\u00f3n de las propuestas de todas las categor\u00edas que convoca la presente Convocatoria ser\u00e1 hasta el 1ro de mayo de 2026.<\/li>\n\n\n\n<li>La evaluaci\u00f3n de los expedientes presentados estar\u00e1 a cargo de la CISS. El resultado emitido por el comit\u00e9 evaluador ser\u00e1 inapelable.<\/li>\n\n\n\n<li>Los premios se entregar\u00e1n de forma presencial en el acto de apertura del 43\u00ba Congreso Nacional y 17\u00ba Internacional de Servicio Social y Voluntariado Universitario a efectuarse del 20 al 23 de mayo de 2026 en las instalaciones de la Universidad de Guant\u00e1namo, Cuba.<\/li>\n\n\n\n<li>Las plantillas por categor\u00eda podr\u00e1n adquirirse en los siguientes ANEXOS.<\/li>\n<\/ol>\n\n\n\n<div class=\"wp-block-buttons is-content-justification-center is-layout-flex wp-container-core-buttons-is-layout-16018d1d wp-block-buttons-is-layout-flex\">\n<div class=\"wp-block-button\"><a class=\"wp-block-button__link has-vivid-red-background-color has-background has-medium-font-size has-custom-font-size wp-element-button\" href=\"https:\/\/ciss.uas.edu.mx\/wp-content\/uploads\/2026\/02\/CONVOCATORIA-A-PREMIOS-CISS-2026.pdf\"><strong>DESCARGAR CONVOCATORIA <\/strong><br><strong>PREMIO CISS 2026<\/strong><\/a><\/div>\n<\/div>\n","protected":false},"excerpt":{"rendered":"<p>En el marco de las actividades previas a la celebraci\u00f3n del 43\u00ba Congreso Nacional y 17\u00ba Internacional de Servicio Social y Voluntariado Universitario, evento que asume el eslogan: \u201cPensamos para progresar y actuamos para transformar desde enfoques multidisciplinarios y multisectoriales gestionando alianzas para el desarrollo social\u201d; la Comisi\u00f3n Interuniversitaria de Servicio Social de M\u00e9xico, a [&hellip;]<\/p>\n","protected":false},"author":4,"featured_media":0,"parent":0,"menu_order":0,"comment_status":"closed","ping_status":"closed","template":"","meta":{"ocean_post_layout":"","ocean_both_sidebars_style":"","ocean_both_sidebars_content_width":0,"ocean_both_sidebars_sidebars_width":0,"ocean_sidebar":"","ocean_second_sidebar":"","ocean_disable_margins":"enable","ocean_add_body_class":"","ocean_shortcode_before_top_bar":"","ocean_shortcode_after_top_bar":"","ocean_shortcode_before_header":"","ocean_shortcode_after_header":"","ocean_has_shortcode":"","ocean_shortcode_after_title":"","ocean_shortcode_before_footer_widgets":"","ocean_shortcode_after_footer_widgets":"","ocean_shortcode_before_footer_bottom":"","ocean_shortcode_after_footer_bottom":"","ocean_display_top_bar":"default","ocean_display_header":"default","ocean_header_style":"","ocean_center_header_left_menu":"","ocean_custom_header_template":"","ocean_custom_logo":0,"ocean_custom_retina_logo":0,"ocean_custom_logo_max_width":0,"ocean_custom_logo_tablet_max_width":0,"ocean_custom_logo_mobile_max_width":0,"ocean_custom_logo_max_height":0,"ocean_custom_logo_tablet_max_height":0,"ocean_custom_logo_mobile_max_height":0,"ocean_header_custom_menu":"","ocean_menu_typo_font_family":"","ocean_menu_typo_font_subset":"","ocean_menu_typo_font_size":0,"ocean_menu_typo_font_size_tablet":0,"ocean_menu_typo_font_size_mobile":0,"ocean_menu_typo_font_size_unit":"px","ocean_menu_typo_font_weight":"","ocean_menu_typo_font_weight_tablet":"","ocean_menu_typo_font_weight_mobile":"","ocean_menu_typo_transform":"","ocean_menu_typo_transform_tablet":"","ocean_menu_typo_transform_mobile":"","ocean_menu_typo_line_height":0,"ocean_menu_typo_line_height_tablet":0,"ocean_menu_typo_line_height_mobile":0,"ocean_menu_typo_line_height_unit":"","ocean_menu_typo_spacing":0,"ocean_menu_typo_spacing_tablet":0,"ocean_menu_typo_spacing_mobile":0,"ocean_menu_typo_spacing_unit":"","ocean_menu_link_color":"","ocean_menu_link_color_hover":"","ocean_menu_link_color_active":"","ocean_menu_link_background":"","ocean_menu_link_hover_background":"","ocean_menu_link_active_background":"","ocean_menu_social_links_bg":"","ocean_menu_social_hover_links_bg":"","ocean_menu_social_links_color":"","ocean_menu_social_hover_links_color":"","ocean_disable_title":"default","ocean_disable_heading":"default","ocean_post_title":"","ocean_post_subheading":"","ocean_post_title_style":"","ocean_post_title_background_color":"","ocean_post_title_background":0,"ocean_post_title_bg_image_position":"","ocean_post_title_bg_image_attachment":"","ocean_post_title_bg_image_repeat":"","ocean_post_title_bg_image_size":"","ocean_post_title_height":0,"ocean_post_title_bg_overlay":0.5,"ocean_post_title_bg_overlay_color":"","ocean_disable_breadcrumbs":"default","ocean_breadcrumbs_color":"","ocean_breadcrumbs_separator_color":"","ocean_breadcrumbs_links_color":"","ocean_breadcrumbs_links_hover_color":"","ocean_display_footer_widgets":"default","ocean_display_footer_bottom":"default","ocean_custom_footer_template":"","footnotes":""},"class_list":["post-748","page","type-page","status-publish","hentry","entry"],"_links":{"self":[{"href":"https:\/\/ciss.uas.edu.mx\/index.php\/wp-json\/wp\/v2\/pages\/748","targetHints":{"allow":["GET"]}}],"collection":[{"href":"https:\/\/ciss.uas.edu.mx\/index.php\/wp-json\/wp\/v2\/pages"}],"about":[{"href":"https:\/\/ciss.uas.edu.mx\/index.php\/wp-json\/wp\/v2\/types\/page"}],"author":[{"embeddable":true,"href":"https:\/\/ciss.uas.edu.mx\/index.php\/wp-json\/wp\/v2\/users\/4"}],"replies":[{"embeddable":true,"href":"https:\/\/ciss.uas.edu.mx\/index.php\/wp-json\/wp\/v2\/comments?post=748"}],"version-history":[{"count":21,"href":"https:\/\/ciss.uas.edu.mx\/index.php\/wp-json\/wp\/v2\/pages\/748\/revisions"}],"predecessor-version":[{"id":769,"href":"https:\/\/ciss.uas.edu.mx\/index.php\/wp-json\/wp\/v2\/pages\/748\/revisions\/769"}],"wp:attachment":[{"href":"https:\/\/ciss.uas.edu.mx\/index.php\/wp-json\/wp\/v2\/media?parent=748"}],"curies":[{"name":"wp","href":"https:\/\/api.w.org\/{rel}","templated":true}]}}