{"id":403,"date":"2024-09-05T19:15:09","date_gmt":"2024-09-05T19:15:09","guid":{"rendered":"https:\/\/ciss.uas.edu.mx\/?page_id=403"},"modified":"2026-02-12T17:33:44","modified_gmt":"2026-02-12T17:33:44","slug":"programa-congreso2025","status":"publish","type":"page","link":"https:\/\/ciss.uas.edu.mx\/index.php\/programa-congreso2025\/","title":{"rendered":"Programa Congreso"},"content":{"rendered":"\n<h1 class=\"wp-block-heading\">Programa de Actividades<\/h1>\n\n\n\n<h2 class=\"wp-block-heading\"><strong>11 de noviembre<\/strong><\/h2>\n\n\n\n<figure class=\"wp-block-table\"><table class=\"has-fixed-layout\"><tbody><tr><td><strong>Hora<\/strong><strong><\/strong><\/td><td><strong>Actividad<\/strong><strong><\/strong><\/td><td><strong>Lugar<\/strong><strong><\/strong><\/td><\/tr><tr><td>18:30<\/td><td>Bienvenida \/ Actividad Rompehielos<\/td><td>Sala CIET 2do. Piso<\/td><\/tr><tr><td>20:30<\/td><td colspan=\"2\">Fin de la jornada<\/td><\/tr><\/tbody><\/table><\/figure>\n\n\n\n<h2 class=\"wp-block-heading\"><strong>12 de noviembre<\/strong><\/h2>\n\n\n\n<figure class=\"wp-block-table\"><table class=\"has-fixed-layout\"><tbody><tr><td><strong>Hora<\/strong><strong><\/strong><\/td><td><strong>Actividad<\/strong><strong><\/strong><\/td><td><strong>Lugar<\/strong><strong><\/strong><\/td><\/tr><tr><td>09:00<\/td><td>Registro<\/td><td>Polivalente 2<\/td><\/tr><tr><td>09:30<\/td><td>Inauguraci\u00f3n del XLII Congreso Nacional y XVI Internacional de Servicio Social y Voluntariado Universitario.<\/td><td rowspan=\"3\"><strong>&nbsp;<\/strong> <strong>&nbsp;<\/strong> <strong>&nbsp;<\/strong> <strong>&nbsp;<\/strong> <strong>&nbsp;<\/strong> <strong>&nbsp;<\/strong> <strong>&nbsp;<\/strong> Auditorio Victor G\u00f3mez<\/td><\/tr><tr><td>10:00<\/td><td>Premiaci\u00f3n de Servicio Social y Voluntariado<\/td><\/tr><tr><td>11:30<\/td><td>Panel de especialistas \u201cDi\u00e1logo para el Cambio Social\u201d <strong>Panelistas:<\/strong><strong><\/strong> Dr. Victor Hugo Aguilar Gaxiola CISS Mtra. Beatriz Castillo Escamilla ANUIES Dr. Arnulfo S\u00e1nchez Garc\u00eda UANL Dr. Dr. Aldahir Caballero Campbell TEC MTY <strong>Moderadora:<\/strong><strong><\/strong> Dra. Susana Ang\u00e9lica Pastrana Corral UNISON<\/td><\/tr><tr><td>12:45<\/td><td colspan=\"2\">Receso<\/td><\/tr><tr><td>13:00<\/td><td>Taller 1 Inteligencia Artificial y su aplicaci\u00f3n en la identificaci\u00f3n de necesidades sociales y el dise\u00f1o de intervenciones. Dr. Aldahir Caballero Campbell (TEC MTY)<\/td><td><strong>&nbsp;<\/strong> <strong>&nbsp;<\/strong> Sala 937 Contpaq i<\/td><\/tr><tr><td>13:00<\/td><td>Taller 2 Modelo de asesor\u00eda a brigadistas de servicio social como aprendizaje significante y \u00e9tico. Dr. Victor Hugo Aguilar Gaxiola (Presidente CISS y Representante UAS )<\/td><td><strong>&nbsp;<\/strong> <strong>&nbsp;<\/strong> Sala 927 Contpaq i<\/td><\/tr><tr><td>13:00<\/td><td>Taller 3 Modelo de Organizaci\u00f3n de Servicio Social en Brigadas comunitarias. Dra. Susana Ang\u00e9lica Pastrana Corral (Miembro CISS y Representante UNISON)<\/td><td><strong>&nbsp;<\/strong> <strong>&nbsp;<\/strong> Polivalente 2<\/td><\/tr><tr><td>15:00<\/td><td colspan=\"2\">Fin de la jornada<\/td><\/tr><\/tbody><\/table><\/figure>\n\n\n\n<h2 class=\"wp-block-heading\">13 <strong>de<\/strong><strong> <\/strong><strong>noviembre<\/strong><\/h2>\n\n\n\n<figure class=\"wp-block-table\"><table class=\"has-fixed-layout\"><tbody><tr><td><strong>Hora<\/strong><strong><\/strong><\/td><td><strong>Actividad<\/strong><strong><\/strong><\/td><td><strong>Lugar<\/strong><strong><\/strong><\/td><\/tr><tr><td>10:00 \/ 13:00<\/td><td>Ponencias Eje 1: El Servicio Social Universitario comprometido con la formaci\u00f3n integral.<\/td><td><strong>&nbsp;<\/strong> Sala 927 Contpaq i<\/td><\/tr><tr><td>10:00 \/ 13:00<\/td><td>Ponencias Eje 2: Los proyectos comunitarios, la perspectiva de g\u00e9nero, la sostenibilidad e inclusi\u00f3n social.<\/td><td><strong>&nbsp;<\/strong> Sala 937 Contpaq i<\/td><\/tr><tr><td>13:00<\/td><td>Taller 4 C\u00edrculos de di\u00e1logo. Mtra. Lorena Canales Velez (Miembro CISS y Representante UDEM)<\/td><td>polivalente 2<\/td><\/tr><tr><td>13:00<\/td><td>Taller 5 STEM M.A. Missael Antonio Guevara Correa (Coordinador de Servicio Social y Docente FIME, UANL)<\/td><td>Sala de usos m\u00faltiples Lugardo Villag\u00f3mez<\/td><\/tr><tr><td>13:00<\/td><td>Taller 6 Conexi\u00f3n con Prop\u00f3sito: Desarrollando Habilidades Blandas y Socioemocionales. M.M. Priscilla Narvaez Cabrera y M.A.E. Enrique Abraham Uresti Trevi\u00f1o (Administrativos y Docentes de FACPYA, UANL)<\/td><td><strong>&nbsp;<\/strong> <strong>&nbsp;<\/strong> Sala 927 Contpaq i<\/td><\/tr><tr><td>15:00<\/td><td colspan=\"2\">Fin de la jornada<\/td><\/tr><\/tbody><\/table><\/figure>\n\n\n\n<h2 class=\"wp-block-heading\"><strong>14 de noviembre<\/strong><\/h2>\n\n\n\n<figure class=\"wp-block-table\"><table class=\"has-fixed-layout\"><tbody><tr><td><strong>Hora<\/strong><strong><\/strong><\/td><td><strong>Actividad<\/strong><strong><\/strong><\/td><td><strong>Lugar<\/strong><strong><\/strong><\/td><\/tr><tr><td>09:30<\/td><td>Presentaci\u00f3n y evaluaci\u00f3n de carteles<\/td><td>Sala de usos m\u00faltiples Lugardo Villag\u00f3mez<\/td><\/tr><tr><td>10:00<\/td><td>Asamblea Plenaria del Comit\u00e9 Ejecutivo Nacional, vocales, asesores y representantes de Instituciones de Educaci\u00f3n Superior de la CISS<\/td><td>Sala Conocer<\/td><\/tr><tr><td>11:00 \/ 12:30<\/td><td>Ponencias Eje 3: Los retos institucionales del servicio social y voluntariado universitario en las IES.<\/td><td>Sala 927 Contpaq i<\/td><\/tr><tr><td>13:00<\/td><td>Premiaci\u00f3n carteles \/ Plenaria \/ Clausura<\/td><td>Auditorio V\u00edctor G\u00f3mez<\/td><\/tr><tr><td>14:00<\/td><td colspan=\"2\">Fin del Congreso<\/td><\/tr><\/tbody><\/table><\/figure>\n","protected":false},"excerpt":{"rendered":"<p>Programa de Actividades 11 de noviembre Hora Actividad Lugar 18:30 Bienvenida \/ Actividad Rompehielos Sala CIET 2do. Piso 20:30 Fin de la jornada 12 de noviembre Hora Actividad Lugar 09:00 Registro Polivalente 2 09:30 Inauguraci\u00f3n del XLII Congreso Nacional y XVI Internacional de Servicio Social y Voluntariado Universitario. &nbsp; &nbsp; &nbsp; &nbsp; &nbsp; &nbsp; &nbsp; [&hellip;]<\/p>\n","protected":false},"author":1,"featured_media":0,"parent":0,"menu_order":0,"comment_status":"closed","ping_status":"closed","template":"","meta":{"ocean_post_layout":"","ocean_both_sidebars_style":"","ocean_both_sidebars_content_width":0,"ocean_both_sidebars_sidebars_width":0,"ocean_sidebar":"","ocean_second_sidebar":"","ocean_disable_margins":"enable","ocean_add_body_class":"","ocean_shortcode_before_top_bar":"","ocean_shortcode_after_top_bar":"","ocean_shortcode_before_header":"","ocean_shortcode_after_header":"","ocean_has_shortcode":"","ocean_shortcode_after_title":"","ocean_shortcode_before_footer_widgets":"","ocean_shortcode_after_footer_widgets":"","ocean_shortcode_before_footer_bottom":"","ocean_shortcode_after_footer_bottom":"","ocean_display_top_bar":"default","ocean_display_header":"default","ocean_header_style":"","ocean_center_header_left_menu":"","ocean_custom_header_template":"","ocean_custom_logo":0,"ocean_custom_retina_logo":0,"ocean_custom_logo_max_width":0,"ocean_custom_logo_tablet_max_width":0,"ocean_custom_logo_mobile_max_width":0,"ocean_custom_logo_max_height":0,"ocean_custom_logo_tablet_max_height":0,"ocean_custom_logo_mobile_max_height":0,"ocean_header_custom_menu":"","ocean_menu_typo_font_family":"","ocean_menu_typo_font_subset":"","ocean_menu_typo_font_size":0,"ocean_menu_typo_font_size_tablet":0,"ocean_menu_typo_font_size_mobile":0,"ocean_menu_typo_font_size_unit":"px","ocean_menu_typo_font_weight":"","ocean_menu_typo_font_weight_tablet":"","ocean_menu_typo_font_weight_mobile":"","ocean_menu_typo_transform":"","ocean_menu_typo_transform_tablet":"","ocean_menu_typo_transform_mobile":"","ocean_menu_typo_line_height":0,"ocean_menu_typo_line_height_tablet":0,"ocean_menu_typo_line_height_mobile":0,"ocean_menu_typo_line_height_unit":"","ocean_menu_typo_spacing":0,"ocean_menu_typo_spacing_tablet":0,"ocean_menu_typo_spacing_mobile":0,"ocean_menu_typo_spacing_unit":"","ocean_menu_link_color":"","ocean_menu_link_color_hover":"","ocean_menu_link_color_active":"","ocean_menu_link_background":"","ocean_menu_link_hover_background":"","ocean_menu_link_active_background":"","ocean_menu_social_links_bg":"","ocean_menu_social_hover_links_bg":"","ocean_menu_social_links_color":"","ocean_menu_social_hover_links_color":"","ocean_disable_title":"default","ocean_disable_heading":"default","ocean_post_title":"","ocean_post_subheading":"","ocean_post_title_style":"","ocean_post_title_background_color":"","ocean_post_title_background":0,"ocean_post_title_bg_image_position":"","ocean_post_title_bg_image_attachment":"","ocean_post_title_bg_image_repeat":"","ocean_post_title_bg_image_size":"","ocean_post_title_height":0,"ocean_post_title_bg_overlay":0.5,"ocean_post_title_bg_overlay_color":"","ocean_disable_breadcrumbs":"default","ocean_breadcrumbs_color":"","ocean_breadcrumbs_separator_color":"","ocean_breadcrumbs_links_color":"","ocean_breadcrumbs_links_hover_color":"","ocean_display_footer_widgets":"default","ocean_display_footer_bottom":"default","ocean_custom_footer_template":"","footnotes":""},"class_list":["post-403","page","type-page","status-publish","hentry","entry"],"_links":{"self":[{"href":"https:\/\/ciss.uas.edu.mx\/index.php\/wp-json\/wp\/v2\/pages\/403","targetHints":{"allow":["GET"]}}],"collection":[{"href":"https:\/\/ciss.uas.edu.mx\/index.php\/wp-json\/wp\/v2\/pages"}],"about":[{"href":"https:\/\/ciss.uas.edu.mx\/index.php\/wp-json\/wp\/v2\/types\/page"}],"author":[{"embeddable":true,"href":"https:\/\/ciss.uas.edu.mx\/index.php\/wp-json\/wp\/v2\/users\/1"}],"replies":[{"embeddable":true,"href":"https:\/\/ciss.uas.edu.mx\/index.php\/wp-json\/wp\/v2\/comments?post=403"}],"version-history":[{"count":5,"href":"https:\/\/ciss.uas.edu.mx\/index.php\/wp-json\/wp\/v2\/pages\/403\/revisions"}],"predecessor-version":[{"id":593,"href":"https:\/\/ciss.uas.edu.mx\/index.php\/wp-json\/wp\/v2\/pages\/403\/revisions\/593"}],"wp:attachment":[{"href":"https:\/\/ciss.uas.edu.mx\/index.php\/wp-json\/wp\/v2\/media?parent=403"}],"curies":[{"name":"wp","href":"https:\/\/api.w.org\/{rel}","templated":true}]}}