{"id":187,"date":"2024-06-19T20:54:27","date_gmt":"2024-06-19T20:54:27","guid":{"rendered":"https:\/\/ciss.uas.edu.mx\/?page_id=187"},"modified":"2026-02-12T17:39:37","modified_gmt":"2026-02-12T17:39:37","slug":"sede2025","status":"publish","type":"page","link":"https:\/\/ciss.uas.edu.mx\/index.php\/sede2025\/","title":{"rendered":"SEDE"},"content":{"rendered":"\n<h1 class=\"wp-block-heading\">Facultad de Contadur\u00eda P\u00fablica y Administraci\u00f3n<\/h1>\n\n\n\n<div class=\"wp-block-media-text has-media-on-the-right is-stacked-on-mobile\"><div class=\"wp-block-media-text__content\">\n<p>En la Facultad de Contadur\u00eda P\u00fablica y Administraci\u00f3n de la Universidad Aut\u00f3noma de Nuevo Le\u00f3n estamos comprometidos a ofrecer programas acad\u00e9micos de excelencia en Licenciatura y Posgrado, mediante el cumplimiento de los requisitos aplicables, lo cual se logra a trav\u00e9s de la implementaci\u00f3n del Sistema de Gesti\u00f3n de Calidad y el establecimiento de objetivos estrat\u00e9gicos integrales, trabajando siempre en busca de la Mejora Continua de nuestra Instituci\u00f3n para lograr la satisfacci\u00f3n de nuestros estudiantes y de las partes interesadas.<\/p>\n<\/div><figure class=\"wp-block-media-text__media\"><img loading=\"lazy\" decoding=\"async\" width=\"500\" height=\"281\" src=\"https:\/\/ciss.uas.edu.mx\/wp-content\/uploads\/2025\/10\/hero-backgorund.jpg\" alt=\"\" class=\"wp-image-552 size-full\" srcset=\"https:\/\/ciss.uas.edu.mx\/wp-content\/uploads\/2025\/10\/hero-backgorund.jpg 500w, https:\/\/ciss.uas.edu.mx\/wp-content\/uploads\/2025\/10\/hero-backgorund-300x169.jpg 300w\" sizes=\"auto, (max-width: 500px) 100vw, 500px\" \/><\/figure><\/div>\n\n\n\n<figure class=\"wp-block-image size-large\"><a href=\"https:\/\/www.google.com\/maps\/place\/FACPYA+Facultad+de+Contadur%C3%ADa+P%C3%BAblica+y+Administraci%C3%B3n\/@25.728277,-100.308495,15z\/data=!4m6!3m5!1s0x866295094da26085:0x7262d01b7781d627!8m2!3d25.728277!4d-100.3084955!16s%2Fg%2F1tcxq2p4?hl=en&amp;entry=ttu&amp;g_ep=EgoyMDI1MTAyOC4wIKXMDSoASAFQAw%3D%3D\"><img loading=\"lazy\" decoding=\"async\" width=\"1024\" height=\"164\" src=\"https:\/\/ciss.uas.edu.mx\/wp-content\/uploads\/2025\/10\/image-1024x164.png\" alt=\"\" class=\"wp-image-555\" srcset=\"https:\/\/ciss.uas.edu.mx\/wp-content\/uploads\/2025\/10\/image-1024x164.png 1024w, https:\/\/ciss.uas.edu.mx\/wp-content\/uploads\/2025\/10\/image-300x48.png 300w, https:\/\/ciss.uas.edu.mx\/wp-content\/uploads\/2025\/10\/image-768x123.png 768w, https:\/\/ciss.uas.edu.mx\/wp-content\/uploads\/2025\/10\/image.png 1096w\" sizes=\"auto, (max-width: 1024px) 100vw, 1024px\" \/><\/a><\/figure>\n\n\n\n<div class=\"wp-block-columns is-layout-flex wp-container-core-columns-is-layout-9d6595d7 wp-block-columns-is-layout-flex\">\n<div class=\"wp-block-column is-layout-flow wp-block-column-is-layout-flow\"><div class=\"wp-block-image\">\n<figure class=\"aligncenter size-full\"><img loading=\"lazy\" decoding=\"async\" width=\"546\" height=\"142\" src=\"https:\/\/ciss.uas.edu.mx\/wp-content\/uploads\/2025\/10\/image-1.png\" alt=\"\" class=\"wp-image-556\" srcset=\"https:\/\/ciss.uas.edu.mx\/wp-content\/uploads\/2025\/10\/image-1.png 546w, https:\/\/ciss.uas.edu.mx\/wp-content\/uploads\/2025\/10\/image-1-300x78.png 300w\" sizes=\"auto, (max-width: 546px) 100vw, 546px\" \/><\/figure>\n<\/div><\/div>\n<\/div>\n\n\n<div class=\"wp-block-image\">\n<figure class=\"alignleft size-full\"><img loading=\"lazy\" decoding=\"async\" width=\"148\" height=\"51\" src=\"https:\/\/ciss.uas.edu.mx\/wp-content\/uploads\/2025\/10\/image-4.png\" alt=\"\" class=\"wp-image-559\"\/><\/figure>\n<\/div>\n\n\n<figure class=\"wp-block-image size-large\"><img loading=\"lazy\" decoding=\"async\" width=\"791\" height=\"1024\" src=\"https:\/\/ciss.uas.edu.mx\/wp-content\/uploads\/2025\/10\/image-5-791x1024.png\" alt=\"\" class=\"wp-image-560\" srcset=\"https:\/\/ciss.uas.edu.mx\/wp-content\/uploads\/2025\/10\/image-5-791x1024.png 791w, https:\/\/ciss.uas.edu.mx\/wp-content\/uploads\/2025\/10\/image-5-232x300.png 232w, https:\/\/ciss.uas.edu.mx\/wp-content\/uploads\/2025\/10\/image-5-768x994.png 768w, https:\/\/ciss.uas.edu.mx\/wp-content\/uploads\/2025\/10\/image-5-1187x1536.png 1187w, https:\/\/ciss.uas.edu.mx\/wp-content\/uploads\/2025\/10\/image-5-1583x2048.png 1583w, https:\/\/ciss.uas.edu.mx\/wp-content\/uploads\/2025\/10\/image-5-scaled.png 1978w\" sizes=\"auto, (max-width: 791px) 100vw, 791px\" \/><\/figure>\n\n\n\n<h1 class=\"wp-block-heading\">Hoteles SEDE<\/h1>\n\n\n\n<div class=\"wp-block-columns is-layout-flex wp-container-core-columns-is-layout-9d6595d7 wp-block-columns-is-layout-flex\">\n<div class=\"wp-block-column is-layout-flow wp-block-column-is-layout-flow\">\n<figure class=\"wp-block-image size-full\"><a href=\"https:\/\/ctic.facpya.uanl.mx\/CISS\/hotels\/chnhotelmonterreynorte\"><img loading=\"lazy\" decoding=\"async\" width=\"733\" height=\"550\" src=\"https:\/\/ciss.uas.edu.mx\/wp-content\/uploads\/2025\/10\/CHN-Monterrey.jpg\" alt=\"\" class=\"wp-image-548\" srcset=\"https:\/\/ciss.uas.edu.mx\/wp-content\/uploads\/2025\/10\/CHN-Monterrey.jpg 733w, https:\/\/ciss.uas.edu.mx\/wp-content\/uploads\/2025\/10\/CHN-Monterrey-300x225.jpg 300w\" sizes=\"auto, (max-width: 733px) 100vw, 733px\" \/><\/a><figcaption class=\"wp-element-caption\">CHN Hotel Monterrey Norte<br>Av. Fidel Vel\u00e1zquez #3000, Central, Mty, NL<\/figcaption><\/figure>\n\n\n\n<div class=\"wp-block-buttons is-content-justification-center is-layout-flex wp-container-core-buttons-is-layout-16018d1d wp-block-buttons-is-layout-flex\">\n<div class=\"wp-block-button\"><a class=\"wp-block-button__link has-vivid-red-background-color has-background wp-element-button\" href=\"https:\/\/ctic.facpya.uanl.mx\/CISS\/hotels\/chnhotelmonterreynorte\">Conocer costo de convenio +<\/a><\/div>\n<\/div>\n<\/div>\n\n\n\n<div class=\"wp-block-column is-layout-flow wp-block-column-is-layout-flow\">\n<figure class=\"wp-block-image size-full\"><a href=\"https:\/\/ctic.facpya.uanl.mx\/CISS\/hotels\/holidayinnmonterreynorte\"><img loading=\"lazy\" decoding=\"async\" width=\"733\" height=\"550\" src=\"https:\/\/ciss.uas.edu.mx\/wp-content\/uploads\/2025\/10\/Holiday-Inn-Monterrey-Norte.webp\" alt=\"\" class=\"wp-image-546\" srcset=\"https:\/\/ciss.uas.edu.mx\/wp-content\/uploads\/2025\/10\/Holiday-Inn-Monterrey-Norte.webp 733w, https:\/\/ciss.uas.edu.mx\/wp-content\/uploads\/2025\/10\/Holiday-Inn-Monterrey-Norte-300x225.webp 300w\" sizes=\"auto, (max-width: 733px) 100vw, 733px\" \/><\/a><figcaption class=\"wp-element-caption\">Holiday Inn Monterrey Norte<br>Av Univesidad 101 Nte., Col. An\u00e1huac San Nicol\u00e1s de los Garza, N. L.<\/figcaption><\/figure>\n\n\n\n<div class=\"wp-block-buttons is-content-justification-center is-layout-flex wp-container-core-buttons-is-layout-16018d1d wp-block-buttons-is-layout-flex\">\n<div class=\"wp-block-button\"><a class=\"wp-block-button__link has-vivid-red-background-color has-background wp-element-button\" href=\"https:\/\/ctic.facpya.uanl.mx\/CISS\/hotels\/holidayinnmonterreynorte\">Conocer costo de convenio +<\/a><\/div>\n<\/div>\n<\/div>\n\n\n\n<div class=\"wp-block-column is-layout-flow wp-block-column-is-layout-flow\">\n<figure class=\"wp-block-image size-full\"><a href=\"https:\/\/ctic.facpya.uanl.mx\/CISS\/hotels\/hilton-garden-inn-obispado\"><img loading=\"lazy\" decoding=\"async\" width=\"733\" height=\"550\" src=\"https:\/\/ciss.uas.edu.mx\/wp-content\/uploads\/2025\/10\/Hilton-Garden-Inn-Obispado.jpg\" alt=\"\" class=\"wp-image-547\" srcset=\"https:\/\/ciss.uas.edu.mx\/wp-content\/uploads\/2025\/10\/Hilton-Garden-Inn-Obispado.jpg 733w, https:\/\/ciss.uas.edu.mx\/wp-content\/uploads\/2025\/10\/Hilton-Garden-Inn-Obispado-300x225.jpg 300w\" sizes=\"auto, (max-width: 733px) 100vw, 733px\" \/><\/a><figcaption class=\"wp-element-caption\">Hilton Garden Inn Obispado<br>Avenida Constitucion 2050, Monterrey, 64000, Mexico<\/figcaption><\/figure>\n\n\n\n<div class=\"wp-block-buttons is-content-justification-center is-layout-flex wp-container-core-buttons-is-layout-16018d1d wp-block-buttons-is-layout-flex\">\n<div class=\"wp-block-button is-style-fill\"><a class=\"wp-block-button__link has-vivid-red-background-color has-background wp-element-button\" href=\"https:\/\/ctic.facpya.uanl.mx\/CISS\/hotels\/hilton-garden-inn-obispado\">Conocer costo de convenio +<\/a><\/div>\n<\/div>\n<\/div>\n<\/div>\n","protected":false},"excerpt":{"rendered":"<p>Facultad de Contadur\u00eda P\u00fablica y Administraci\u00f3n En la Facultad de Contadur\u00eda P\u00fablica y Administraci\u00f3n de la Universidad Aut\u00f3noma de Nuevo Le\u00f3n estamos comprometidos a ofrecer programas acad\u00e9micos de excelencia en Licenciatura y Posgrado, mediante el cumplimiento de los requisitos aplicables, lo cual se logra a trav\u00e9s de la implementaci\u00f3n del Sistema de Gesti\u00f3n de Calidad [&hellip;]<\/p>\n","protected":false},"author":1,"featured_media":0,"parent":0,"menu_order":0,"comment_status":"closed","ping_status":"closed","template":"","meta":{"ocean_post_layout":"","ocean_both_sidebars_style":"","ocean_both_sidebars_content_width":0,"ocean_both_sidebars_sidebars_width":0,"ocean_sidebar":"","ocean_second_sidebar":"","ocean_disable_margins":"enable","ocean_add_body_class":"","ocean_shortcode_before_top_bar":"","ocean_shortcode_after_top_bar":"","ocean_shortcode_before_header":"","ocean_shortcode_after_header":"","ocean_has_shortcode":"","ocean_shortcode_after_title":"","ocean_shortcode_before_footer_widgets":"","ocean_shortcode_after_footer_widgets":"","ocean_shortcode_before_footer_bottom":"","ocean_shortcode_after_footer_bottom":"","ocean_display_top_bar":"default","ocean_display_header":"default","ocean_header_style":"","ocean_center_header_left_menu":"","ocean_custom_header_template":"","ocean_custom_logo":0,"ocean_custom_retina_logo":0,"ocean_custom_logo_max_width":0,"ocean_custom_logo_tablet_max_width":0,"ocean_custom_logo_mobile_max_width":0,"ocean_custom_logo_max_height":0,"ocean_custom_logo_tablet_max_height":0,"ocean_custom_logo_mobile_max_height":0,"ocean_header_custom_menu":"","ocean_menu_typo_font_family":"","ocean_menu_typo_font_subset":"","ocean_menu_typo_font_size":0,"ocean_menu_typo_font_size_tablet":0,"ocean_menu_typo_font_size_mobile":0,"ocean_menu_typo_font_size_unit":"px","ocean_menu_typo_font_weight":"","ocean_menu_typo_font_weight_tablet":"","ocean_menu_typo_font_weight_mobile":"","ocean_menu_typo_transform":"","ocean_menu_typo_transform_tablet":"","ocean_menu_typo_transform_mobile":"","ocean_menu_typo_line_height":0,"ocean_menu_typo_line_height_tablet":0,"ocean_menu_typo_line_height_mobile":0,"ocean_menu_typo_line_height_unit":"","ocean_menu_typo_spacing":0,"ocean_menu_typo_spacing_tablet":0,"ocean_menu_typo_spacing_mobile":0,"ocean_menu_typo_spacing_unit":"","ocean_menu_link_color":"","ocean_menu_link_color_hover":"","ocean_menu_link_color_active":"","ocean_menu_link_background":"","ocean_menu_link_hover_background":"","ocean_menu_link_active_background":"","ocean_menu_social_links_bg":"","ocean_menu_social_hover_links_bg":"","ocean_menu_social_links_color":"","ocean_menu_social_hover_links_color":"","ocean_disable_title":"default","ocean_disable_heading":"default","ocean_post_title":"","ocean_post_subheading":"","ocean_post_title_style":"","ocean_post_title_background_color":"","ocean_post_title_background":0,"ocean_post_title_bg_image_position":"","ocean_post_title_bg_image_attachment":"","ocean_post_title_bg_image_repeat":"","ocean_post_title_bg_image_size":"","ocean_post_title_height":0,"ocean_post_title_bg_overlay":0.5,"ocean_post_title_bg_overlay_color":"","ocean_disable_breadcrumbs":"default","ocean_breadcrumbs_color":"","ocean_breadcrumbs_separator_color":"","ocean_breadcrumbs_links_color":"","ocean_breadcrumbs_links_hover_color":"","ocean_display_footer_widgets":"default","ocean_display_footer_bottom":"default","ocean_custom_footer_template":"","footnotes":""},"class_list":["post-187","page","type-page","status-publish","hentry","entry"],"_links":{"self":[{"href":"https:\/\/ciss.uas.edu.mx\/index.php\/wp-json\/wp\/v2\/pages\/187","targetHints":{"allow":["GET"]}}],"collection":[{"href":"https:\/\/ciss.uas.edu.mx\/index.php\/wp-json\/wp\/v2\/pages"}],"about":[{"href":"https:\/\/ciss.uas.edu.mx\/index.php\/wp-json\/wp\/v2\/types\/page"}],"author":[{"embeddable":true,"href":"https:\/\/ciss.uas.edu.mx\/index.php\/wp-json\/wp\/v2\/users\/1"}],"replies":[{"embeddable":true,"href":"https:\/\/ciss.uas.edu.mx\/index.php\/wp-json\/wp\/v2\/comments?post=187"}],"version-history":[{"count":28,"href":"https:\/\/ciss.uas.edu.mx\/index.php\/wp-json\/wp\/v2\/pages\/187\/revisions"}],"predecessor-version":[{"id":563,"href":"https:\/\/ciss.uas.edu.mx\/index.php\/wp-json\/wp\/v2\/pages\/187\/revisions\/563"}],"wp:attachment":[{"href":"https:\/\/ciss.uas.edu.mx\/index.php\/wp-json\/wp\/v2\/media?parent=187"}],"curies":[{"name":"wp","href":"https:\/\/api.w.org\/{rel}","templated":true}]}}