{"id":129,"date":"2024-06-19T20:43:45","date_gmt":"2024-06-19T20:43:45","guid":{"rendered":"https:\/\/ciss.uas.edu.mx\/?page_id=129"},"modified":"2026-02-12T18:03:10","modified_gmt":"2026-02-12T18:03:10","slug":"convocatoria-premios-ciss2025","status":"publish","type":"page","link":"https:\/\/ciss.uas.edu.mx\/index.php\/convocatoria-premios-ciss2025\/","title":{"rendered":"Convocatoria Premios CISS"},"content":{"rendered":"\n<p class=\"has-text-align-center\">En el marco del 42\u00ba Congreso Nacional y 16\u00ba Internacional de Servicio Social y Voluntariado Universitario, cuyo tema es \u201cRetos y alternativas para la nueva agenda del Servicio Social y Voluntariado Universitario\u201d, se emite:<\/p>\n\n\n\n<h2 class=\"wp-block-heading has-text-align-center\">Convocatoria<\/h2>\n\n\n\n<h1 class=\"wp-block-heading has-text-align-center\">Premios Nacionales e Internacionales de Servicio Social<br>y Voluntariado Universitario CISS \u2013 UANL<\/h1>\n\n\n\n<p>A realizarse en la Ciudad de Monterrey, Nuevo Le\u00f3n; del 11 al 14 de noviembre de 2025, en las instalaciones de la Facultad de Contadur\u00eda de la Universidad Aut\u00f3noma de Nuevo Le\u00f3n.<\/p>\n\n\n\n<p>Postulaci\u00f3n para premio de servicio social:<\/p>\n\n\n\n<p>El Congreso establece dos tipos de postulaciones, las nacionales y las Internacionales.<\/p>\n\n\n\n<p><strong>I. Premios Nacionales de Servicio Social<\/strong><\/p>\n\n\n\n<p>La postulaci\u00f3n a premios nacional va dirigido a participantes de M\u00e9xico, siendo las categor\u00edas establecidas:<\/p>\n\n\n\n<p>\uf0b7 Estudiante: individual y colectivo.<br>\uf0b7 Docente: individual y colectivo.<br>\uf0b7 Programa Institucional.<br>\uf0b7 Trayectoria Institucional.<br>Todas las postulaciones deber\u00e1n cumplir con los siguientes requisitos:<br>A. Los trabajos para las categor\u00edas de estudiante individual o colectivo, docente individual o colectivo y Programa Institucional, deber\u00e1n ser presentados en la plantilla que se propone, con un m\u00e1ximo de 8 cuartillas. La propuesta deber\u00e1 contener lo siguiente:<br>\uf0b7 Datos generales: t\u00edtulo del trabajo, nombre de la instituci\u00f3n de procedencia, nombre del autor(a) o autores(as) y semblanza acad\u00e9mica individual (m\u00e1ximo 60 palabras).<br>\uf0b7 Resumen (120 palabras).<br>\uf0b7 Palabras claves (cuatro palabras).<br>\uf0b7 Problem\u00e1tica detectada (250 palabras).<br>\uf0b7 Metodolog\u00eda (200 palabras).<br>\uf0b7 Desarrollo de aprendizajes (200 palabras).<br>\uf0b7 Resultados (300 palabras).<br>\uf0b7 Recomendaciones (120 palabras).<br>\uf0b7 Referencias.<br>\uf0b7 Anexos.<\/p>\n\n\n\n<p><strong>Requisitos:<\/strong><\/p>\n\n\n\n<ol class=\"wp-block-list\">\n<li>Para el brigadista presentar constancia de haber terminado su servicio social<\/li>\n\n\n\n<li>Para el docente presentar constancia de ser responsable de proyecto de como unidad receptora.<\/li>\n\n\n\n<li>Para el directivo \u2013 trayectoria &#8211; presentar constancia de haber desarrollado o participado en el servicio social y\/o voluntariado universitario por un m\u00ednimo de cinco a\u00f1os.<br>Para todas las categor\u00edas:<\/li>\n\n\n\n<li>Evidencias por escrito de poblaci\u00f3n objetivo-beneficiada y 5. Carta de postulaci\u00f3n\u2013aval por la autoridad de servicio social o voluntariado universitario correspondiente. Nota: descargar el archivo: \u201cPlantilla-gu\u00eda premio nacional categor\u00eda estudiantil y\/o docente\u201d, disponible en la p\u00e1gina del Congreso.<\/li>\n<\/ol>\n\n\n\n<p>Enlace para descargar plantillas estudiante colectivo e individual, docente colectivo e individual y programa institucional: <a href=\"https:\/\/ctic.facpya.uanl.mx\/CISS\/#archivos\">https:\/\/ctic.facpya.uanl.mx\/CISS\/#archivos<\/a><br>Enlace para enviar propuesta (estudiante \/ docente \/ programa institucional): <a href=\"https:\/\/forms.gle\/1icv7KMPMThb3MFc9\">https:\/\/forms.gle\/1icv7KMPMThb3MFc9<\/a><\/p>\n\n\n\n<p><strong>B. La categor\u00eda de Trayectoria Institucional contempla un m\u00e1ximo de 20 cuartillas. La postulaci\u00f3n deber\u00e1 contener:<br><\/strong>\uf0b7 Nombre de la persona propuesta.<br>\uf0b7 Semblanza del Autor (m\u00e1ximo 500 palabras).<br>\uf0b7 Experiencia desarrollada, destacando los aprendizajes acad\u00e9micos, administrativos y culturales relevantes.<br>\uf0b7 Experiencia desarrollada en materia de vinculaci\u00f3n con la comunidad y sociedad.<br>\uf0b7 Anexo el curr\u00edculum de la persona propuesta, que incluya: fotograf\u00edas, constancias de participaci\u00f3n, reconocimientos, menciones honor\u00edficas que respaldan su trayectoria en el servicio social, voluntariado y\/o la extensi\u00f3n universitaria.<br>Las propuestas deben estar avaladas por la autoridad competente de la entidad educativa.<br>Las propuestas deber\u00e1n presentarse a m\u00e1s tardar 6 de octubre de 2025.<br>Enlace: <a href=\"https:\/\/forms.gle\/HPpT8NN6Mosk8KK9A\">https:\/\/forms.gle\/HPpT8NN6Mosk8KK9A<\/a><\/p>\n\n\n\n<p>Enlace para descargar plantilla institucional y trayectoria:<a href=\" https:\/\/ctic.facpya.uanl.mx\/CISS\/#archivos\"> https:\/\/ctic.facpya.uanl.mx\/CISS\/#archivos<\/a><br>II.- Premio Internacional de Compromiso Social<br>\uf0b7 Institucional.<br>\uf0b7 Trayectoria.<br>El premio Internacional de Compromiso Social, en sus categor\u00edas Institucional y Trayectoria est\u00e1 dirigido a todas las Instituciones de Educaci\u00f3n Superior y personas de Latinoam\u00e9rica, a excepci\u00f3n de M\u00e9xico.<br>La categor\u00eda Institucional se refiere a un programa de servicio social, voluntariado y\/o extensi\u00f3n universitaria, con un m\u00ednimo de operaci\u00f3n de tres a\u00f1os. La categor\u00eda Trayectoria se refiere a una persona que desarrolla actividades profesionales en el campo del servicio social, voluntariado y\/o extensionismo universitario, con un m\u00ednimo 5 a\u00f1os.<br>Las postulaciones, a las categor\u00edas antes mencionadas, deber\u00e1n contar con el aval del Rector o autoridad competente en el servicio social, voluntariado y\/o la extensi\u00f3n universitaria. La propuesta deber\u00e1 tener un m\u00e1ximo de 20 cuartillas y contener lo siguiente:<br>Las propuestas deber\u00e1n presentarse a m\u00e1s tardar 6 de octubre de 2025.<br>Enlace: <a href=\"https:\/\/forms.gle\/HPpT8NN6Mosk8KK9A\">https:\/\/forms.gle\/HPpT8NN6Mosk8KK9A<\/a><\/p>\n\n\n\n<p>Enlace para descargar plantilla institucional y trayectoria: <a href=\"https:\/\/ctic.facpya.uanl.mx\/CISS\/#archivos\">https:\/\/ctic.facpya.uanl.mx\/CISS\/#archivos<\/a><br>Premiaci\u00f3n<br>La premiaci\u00f3n quedar\u00e1 a cargo de la CISS &#8211; UANL, al arranque de la primera jornada del Congreso, de acuerdo con el dictamen del Comit\u00e9. El resultado ser\u00e1 inapelable.<\/p>\n","protected":false},"excerpt":{"rendered":"<p>En el marco del 42\u00ba Congreso Nacional y 16\u00ba Internacional de Servicio Social y Voluntariado Universitario, cuyo tema es \u201cRetos y alternativas para la nueva agenda del Servicio Social y Voluntariado Universitario\u201d, se emite: Convocatoria Premios Nacionales e Internacionales de Servicio Socialy Voluntariado Universitario CISS \u2013 UANL A realizarse en la Ciudad de Monterrey, Nuevo [&hellip;]<\/p>\n","protected":false},"author":1,"featured_media":0,"parent":0,"menu_order":0,"comment_status":"closed","ping_status":"closed","template":"","meta":{"ocean_post_layout":"","ocean_both_sidebars_style":"","ocean_both_sidebars_content_width":0,"ocean_both_sidebars_sidebars_width":0,"ocean_sidebar":"","ocean_second_sidebar":"","ocean_disable_margins":"enable","ocean_add_body_class":"","ocean_shortcode_before_top_bar":"","ocean_shortcode_after_top_bar":"","ocean_shortcode_before_header":"","ocean_shortcode_after_header":"","ocean_has_shortcode":"","ocean_shortcode_after_title":"","ocean_shortcode_before_footer_widgets":"","ocean_shortcode_after_footer_widgets":"","ocean_shortcode_before_footer_bottom":"","ocean_shortcode_after_footer_bottom":"","ocean_display_top_bar":"default","ocean_display_header":"default","ocean_header_style":"","ocean_center_header_left_menu":"","ocean_custom_header_template":"","ocean_custom_logo":0,"ocean_custom_retina_logo":0,"ocean_custom_logo_max_width":0,"ocean_custom_logo_tablet_max_width":0,"ocean_custom_logo_mobile_max_width":0,"ocean_custom_logo_max_height":0,"ocean_custom_logo_tablet_max_height":0,"ocean_custom_logo_mobile_max_height":0,"ocean_header_custom_menu":"","ocean_menu_typo_font_family":"","ocean_menu_typo_font_subset":"","ocean_menu_typo_font_size":0,"ocean_menu_typo_font_size_tablet":0,"ocean_menu_typo_font_size_mobile":0,"ocean_menu_typo_font_size_unit":"px","ocean_menu_typo_font_weight":"","ocean_menu_typo_font_weight_tablet":"","ocean_menu_typo_font_weight_mobile":"","ocean_menu_typo_transform":"","ocean_menu_typo_transform_tablet":"","ocean_menu_typo_transform_mobile":"","ocean_menu_typo_line_height":0,"ocean_menu_typo_line_height_tablet":0,"ocean_menu_typo_line_height_mobile":0,"ocean_menu_typo_line_height_unit":"","ocean_menu_typo_spacing":0,"ocean_menu_typo_spacing_tablet":0,"ocean_menu_typo_spacing_mobile":0,"ocean_menu_typo_spacing_unit":"","ocean_menu_link_color":"","ocean_menu_link_color_hover":"","ocean_menu_link_color_active":"","ocean_menu_link_background":"","ocean_menu_link_hover_background":"","ocean_menu_link_active_background":"","ocean_menu_social_links_bg":"","ocean_menu_social_hover_links_bg":"","ocean_menu_social_links_color":"","ocean_menu_social_hover_links_color":"","ocean_disable_title":"default","ocean_disable_heading":"default","ocean_post_title":"","ocean_post_subheading":"","ocean_post_title_style":"","ocean_post_title_background_color":"","ocean_post_title_background":0,"ocean_post_title_bg_image_position":"","ocean_post_title_bg_image_attachment":"","ocean_post_title_bg_image_repeat":"","ocean_post_title_bg_image_size":"","ocean_post_title_height":0,"ocean_post_title_bg_overlay":0.5,"ocean_post_title_bg_overlay_color":"","ocean_disable_breadcrumbs":"default","ocean_breadcrumbs_color":"","ocean_breadcrumbs_separator_color":"","ocean_breadcrumbs_links_color":"","ocean_breadcrumbs_links_hover_color":"","ocean_display_footer_widgets":"default","ocean_display_footer_bottom":"default","ocean_custom_footer_template":"","footnotes":""},"class_list":["post-129","page","type-page","status-publish","hentry","entry"],"_links":{"self":[{"href":"https:\/\/ciss.uas.edu.mx\/index.php\/wp-json\/wp\/v2\/pages\/129","targetHints":{"allow":["GET"]}}],"collection":[{"href":"https:\/\/ciss.uas.edu.mx\/index.php\/wp-json\/wp\/v2\/pages"}],"about":[{"href":"https:\/\/ciss.uas.edu.mx\/index.php\/wp-json\/wp\/v2\/types\/page"}],"author":[{"embeddable":true,"href":"https:\/\/ciss.uas.edu.mx\/index.php\/wp-json\/wp\/v2\/users\/1"}],"replies":[{"embeddable":true,"href":"https:\/\/ciss.uas.edu.mx\/index.php\/wp-json\/wp\/v2\/comments?post=129"}],"version-history":[{"count":12,"href":"https:\/\/ciss.uas.edu.mx\/index.php\/wp-json\/wp\/v2\/pages\/129\/revisions"}],"predecessor-version":[{"id":542,"href":"https:\/\/ciss.uas.edu.mx\/index.php\/wp-json\/wp\/v2\/pages\/129\/revisions\/542"}],"wp:attachment":[{"href":"https:\/\/ciss.uas.edu.mx\/index.php\/wp-json\/wp\/v2\/media?parent=129"}],"curies":[{"name":"wp","href":"https:\/\/api.w.org\/{rel}","templated":true}]}}