{"id":127,"date":"2024-06-19T20:43:25","date_gmt":"2024-06-19T20:43:25","guid":{"rendered":"https:\/\/ciss.uas.edu.mx\/?page_id=127"},"modified":"2026-02-12T16:57:14","modified_gmt":"2026-02-12T16:57:14","slug":"convocatoria-congreso-ciss2025","status":"publish","type":"page","link":"https:\/\/ciss.uas.edu.mx\/index.php\/convocatoria-congreso-ciss2025\/","title":{"rendered":"Convocatoria Congreso CISS"},"content":{"rendered":"\n<figure class=\"wp-block-image size-full\"><img decoding=\"async\" src=\"https:\/\/ciss.uas.edu.mx\/wp-content\/uploads\/2025\/10\/Convocatoria.png\" alt=\"\" class=\"wp-image-529\"\/><\/figure>\n\n\n\n<h1 class=\"wp-block-heading has-text-align-center\">La Comisi\u00f3n Interuniversitaria del Servicio Social (CISS)<br>y la Facultad de Contadur\u00eda P\u00fablica y Administraci\u00f3n<br>de la Universidad Aut\u00f3noma de Nuevo Le\u00f3n<\/h1>\n\n\n\n<p class=\"has-text-align-center\"><br><strong>CONVOCAN A:<\/strong><\/p>\n\n\n\n<p class=\"has-text-align-center\"><br>Las Instituciones de Educaci\u00f3n Superior, docentes, investigadores, estudiantes, directivos y personal administrativo de las dependencias relacionadas con el desarrollo del servicio social a nivel superior, voluntariado universitario, organizaciones sociales, organismos p\u00fablicos aut\u00f3nomos y al p\u00fablico en general a participar en el:<\/p>\n\n\n\n<h2 class=\"wp-block-heading has-text-align-center\"><br>42\u00b0 CONGRESO NACIONAL Y 16\u00b0 INTERNACIONAL<br>DE SERVICIO SOCIAL Y VOLUNTARIADO UNIVERSITARIO<\/h2>\n\n\n\n<h2 class=\"wp-block-heading has-text-align-center\"><br>Del 11 al 14 de noviembre de 2025<br>\u201cRetos y alternativas para la nueva agenda del Servicio Social y Voluntariado Universitario\u201d<\/h2>\n\n\n\n<p class=\"has-text-align-left\"><br>A realizarse en la Facultad de Contadur\u00eda P\u00fablica y Administraci\u00f3n de la Universidad Aut\u00f3noma de Nuevo Le\u00f3n; en San Nicol\u00e1s de los Garza, Nuevo Le\u00f3n; bajo las siguientes bases:<br><\/p>\n\n\n\n<p class=\"has-text-align-left\"><strong>OBJETIVO:<\/strong><br>Reflexionar sobre los retos y alternativas para la nueva agenda del Servicio Social y el Voluntariado Universitario<br><\/p>\n\n\n\n<p class=\"has-text-align-left\"><strong>REGISTRO AL EVENTO<\/strong><\/p>\n\n\n\n<ol class=\"wp-block-list\">\n<li>Inscribirse en el siguiente enlace <a href=\"https:\/\/forms.gle\/r2PPMJ93667cG9Qi9\">https:\/\/forms.gle\/r2PPMJ93667cG9Qi9<\/a>, a m\u00e1s tardar el d\u00eda 20 de octubre de 2025.<br>INDICACIONES GENERALES<\/li>\n\n\n\n<li>Las personas que deseen participar como Ponentes deber\u00e1n inscribirse a partir de la publicaci\u00f3n de la convocatoria y a m\u00e1s tardar el d\u00eda 20 de octubre del 2025.<\/li>\n\n\n\n<li>Las personas que deseen participar como Asistentes deber\u00e1n inscribirse a partir de la publicaci\u00f3n de la convocatoria y a m\u00e1s tardar el d\u00eda 20 de octubre del 2025.<\/li>\n\n\n\n<li>Para concluir su inscripci\u00f3n ser\u00e1 indispensable remitir su ficha de dep\u00f3sito o transferencia bancaria mediante el Portal Web del evento.<\/li>\n\n\n\n<li>Todos los interesados podr\u00e1n postularse al Premio Nacional de Servicio Social CISS 2025 o al Premio Internacional de Compromiso Social CISS 2025 de acuerdo con<\/li>\n\n\n\n<li>las bases de la convocatoria correspondiente la CISS en la p\u00e1gina del Congreso a m\u00e1s tardar el d\u00eda 6 de octubre del 2025. <a href=\"https:\/\/ctic.facpya.uanl.mx\/ciss\/\">https:\/\/ctic.facpya.uanl.mx\/ciss\/<\/a><br><br><strong>FORMAS DE PARTICIPACI\u00d3N<\/strong><\/li>\n<\/ol>\n\n\n\n<ul class=\"wp-block-list\">\n<li>Asistentes: Estudiante, profesor, investigador o actor social que participa en todas las actividades del congreso, pero no presenta cartel ni ponencia.<\/li>\n\n\n\n<li>Ponentes: Estudiante, profesor, investigador o actor social que participa en todas las actividades del congreso y presenta ponencia.<br><\/li>\n<\/ul>\n\n\n\n<p><strong>MODALIDADES DE PARTICIPACI\u00d3N:<\/strong><br>\u25cf Presencial<br><\/p>\n\n\n\n<p><strong>EJES TEM\u00c1TICOS<\/strong><\/p>\n\n\n\n<p><strong>EJE 1: El Servicio Social Universitario comprometido con la formaci\u00f3n integral.<\/strong><br>\uf0b7 Enfoques actuales del servicio social.<br>\uf0b7 El Desarrollo de Competencias Profesionales y Gen\u00e9ricas en el servicio social.<br>\uf0b7 Las tareas del Asesor (a) de Servicio Social para el seguimiento acad\u00e9mico y construcci\u00f3n de la \u00e9tica de la responsabilidad social.<br>\uf0b7 Retos intergeneracionales en la participaci\u00f3n comunitaria, las caracter\u00edsticas de las generaciones en el contexto del servicio social y voluntariado.<br>\uf0b7 Las experiencias de las brigadas multidisciplinarias e interdisciplinarias de servicio social para la formaci\u00f3n integral.<br><\/p>\n\n\n\n<p><strong>Eje 2: Los proyectos comunitarios, la perspectiva de g\u00e9nero, la sostenibilidad e inclusi\u00f3n social.<\/strong><br>\uf0b7 El servicio social universitario y la comunidad.<br>\uf0b7 La perspectiva de g\u00e9nero en el servicio social.<br>\uf0b7 Los Derechos Humanos y su vigencia en los proyectos de servicio social.<br>\uf0b7 El servicio social y voluntariado universitario en la sostenibilidad en las ciudades.<br>\uf0b7 Diagn\u00f3stico participativo y elaboraci\u00f3n de proyectos de intervenci\u00f3n social.<br><\/p>\n\n\n\n<p><strong>Eje 3: Los retos institucionales del servicio social y voluntariado universitario en las IES.<\/strong><br>\uf0b7 El uso de tecnolog\u00edas digitales para el seguimiento, evaluaci\u00f3n acad\u00e9mica y administrativa del servicio social.<br>\uf0b7 Los temas emergentes con una visi\u00f3n de perspectiva de g\u00e9nero, sostenible e inclusi\u00f3n social para el bien de las comunidades.<br>\uf0b7 La formaci\u00f3n y capacitaci\u00f3n de asesores (as) de servicio social para el desarrollo de programas comunitarios de servicio social.<br>\uf0b7 Los impactos sociales del servicio social en proyectos de investigaci\u00f3n.<br>\uf0b7 El voluntariado universitario como semillero formativo del servicio social.<br><\/p>\n\n\n\n<p><strong>COSTOS DE PARTICIPACI\u00d3N<br><\/strong>Profesor, Investigador o Actor Social $ 500.00 M.N. Estudiante y Asistente $ 250.00 M.N.<br><a href=\"https:\/\/ctic.facpya.uanl.mx\/CISS\/#inscripcion\">https:\/\/ctic.facpya.uanl.mx\/CISS\/#inscripcion<\/a><br><a href=\"https:\/\/ctic.facpya.uanl.mx\/CISS\/#costos\">https:\/\/ctic.facpya.uanl.mx\/CISS\/#costos<\/a><br><\/p>\n\n\n\n<p><strong>PONENCIAS<\/strong><br>Presentaci\u00f3n del documento<br>Las ponencias deber\u00e1n privilegiar la experiencia desarrollada en la praxis del servicio social y\/o voluntariado y no concentrarse en el marco y referente te\u00f3rico.<br>La estructura del documento deber\u00e1 contener lo siguiente:<br>\u25cf Car\u00e1tula.<br>\u25cf Instituci\u00f3n de procedencia.<br>\u25cf Eje tem\u00e1tico al que corresponde.<br>\u25cf Nombre de los autores: m\u00e1ximo 3.<br>\u25cf Semblanza de autores: m\u00e1ximo 150 palabras por persona.<br>\u25cf T\u00edtulo: no exceder de 18 palabras.<br>\u25cf Resumen: m\u00e1ximo 200 palabras<br>\u25cf Palabras clave: m\u00e1ximo 4, en orden alfab\u00e9tico<br>\u25cf Introducci\u00f3n<br>\u25cf Objetivos<br>\u25cf Desarrollo<br>\u25cf Resultados<br>\u25cf Conclusiones<br>\u25cf Referencias: utilizar 7\u00b0 ed. Manual APA.<\/p>\n\n\n\n<p>Redacci\u00f3n del documento: letra Arial 12, justificado e interlineado 1.5, en procesador de texto (MS Word), no incluir notas a pie de p\u00e1gina ni anexos.<\/p>\n\n\n\n<p>Extensi\u00f3n del documento: m\u00ednimo 6 y m\u00e1ximo 10 cuartillas, incluidas referencias.<br>Nota: descargar el archivo \u201cplantilla formato para ponencia\u201d disponible en el siguiente enlace <a href=\"https:\/\/ctic.facpya.uanl.mx\/CISS\/#archivos\">https:\/\/ctic.facpya.uanl.mx\/CISS\/#archivos<\/a><br>Nota: descargar formato de \u201ccarta de ceder derecho de autor (res)\u201d para publicaci\u00f3n de ponencia en memoria del congreso. (por definir)<br>Enviar documento en extenso a m\u00e1s tardar el d\u00eda 20 de octubre 2025, al siguiente enlace <a href=\"https:\/\/forms.gle\/NJ1acyj1CbY57rhZ6\">https:\/\/forms.gle\/NJ1acyj1CbY57rhZ6<\/a><br>El comit\u00e9 evaluador realizar\u00e1 revisi\u00f3n de la propuesta remitiendo correo de aceptaci\u00f3n, modificaciones necesarias o rechazo a m\u00e1s tardar el 24 de octubre, dicho resultado ser\u00e1 inapelable. Para ponencias que requieran modificaciones, los autores deber\u00e1n remitir su ponencia corregida a m\u00e1s tardar el 28 de octubre 2025.<br>Todas ponencias ser\u00e1n publicadas en las memorias en extenso del Congreso.<\/p>\n\n\n\n<p><br><strong>METODOLOG\u00cdA DE MESAS DE TRABAJO.<\/strong><br>Las ponencias ser\u00e1n presentadas en el formato conversatorio, por bloques de hasta 6 ponentes. El moderador(a) contar\u00e1 con dos relatores(as) quienes registrar\u00e1n el di\u00e1logo de los participantes y presentar\u00e1n los principales puntos abordados en las ponencias, con el prop\u00f3sito de que sirvan de gu\u00eda para el debate. La s\u00edntesis de las ponencias permitir\u00e1 al moderador(a) y relatores(as) registrar los disensos y consensos alcanzados para cerrar el bloque.<br><\/p>\n\n\n\n<p><strong>CARTEL<\/strong><br>Presentaci\u00f3n del documento<br>Los carteles es una categor\u00eda exclusiva para estudiantes. Los carteles deber\u00e1n privilegiar la experiencia desarrollada en la praxis del servicio social y\/o voluntariado y no concentrarse en el marco y referente te\u00f3rico.<br>La estructura del documento deber\u00e1 contener lo siguiente:<br>\u25cf T\u00edtulo del Cartel: no exceder de 15 palabras.<br>\u25cf Instituci\u00f3n de procedencia.<br>\u25cf Nombre de los autores: m\u00e1ximo 3.<br>\u25cf Logo de la Instituci\u00f3n.<br>\u25cf Resumen: m\u00e1ximo 150 palabras.<br>\u25cf Metodolog\u00eda: m\u00e1ximo 80 palabras.<br>\u25cf Resultados: m\u00e1ximo 50 palabras, privilegiando el uso de im\u00e1genes.<br>\u25cf Conclusiones: frases breves y enumeradas.<br>\u25cf Im\u00e1genes.<br>Nota: descargar el archivo \u201cplantilla formato para cartel\u201d disponible en el siguiente enlace <a href=\"https:\/\/ctic.facpya.uanl.mx\/CISS\/#archivos\">https:\/\/ctic.facpya.uanl.mx\/CISS\/#archivos<\/a><br>Enviar Cartel en formato PDF, al siguiente enlace <a href=\"https:\/\/forms.gle\/Mqpdh29XsGbytGm58\">https:\/\/forms.gle\/Mqpdh29XsGbytGm58<\/a><br>El Cartel deber\u00e1 ser enviado a m\u00e1s tardar el d\u00eda 20 de octubre de 2025, el comit\u00e9 evaluador realizar\u00e1 revisi\u00f3n de la propuesta remitiendo correo de aceptaci\u00f3n o rechazo a m\u00e1s tardar el 24 de octubre 2025; y en la misma fecha anunciar\u00e1 los carteles semifinalistas cuya calidad permite someterlos a exposici\u00f3n para su evaluaci\u00f3n.<br><\/p>\n\n\n\n<p><strong>EXPOSICI\u00d3N<\/strong><br>Todos los carteles aceptados por el comit\u00e9 dictaminador ser\u00e1n publicados en la p\u00e1gina del congreso, disponibles para consulta abierta.<br><\/p>\n\n\n\n<p><strong>PREMIACI\u00d2N<\/strong><br>La premiaci\u00f3n se llevar\u00e1 a cabo por la CISS al arranque de la tercera jornada del Congreso, de acuerdo con el dictamen del comit\u00e9, dicho resultado ser\u00e1 inapelable.<br><\/p>\n\n\n\n<p><strong>TALLERES<\/strong><br>Todos los asistentes y ponentes del Congreso tienen la opci\u00f3n de registrarse a los talleres ofertados por cada uno de los ejes tem\u00e1ticos.<br>Inscribirse en el siguiente enlace <a href=\"https:\/\/forms.gle\/Q2KrVha7D86PZWiW6\">https:\/\/forms.gle\/Q2KrVha7D86PZWiW6<\/a> a m\u00e1s tardar el d\u00eda 20 de octubre de 2025.<br><\/p>\n\n\n\n<p><strong>CONSTANCIAS<\/strong><br>Las constancias de asistente, participante de taller o ponente, ser\u00e1n enviadas al correo electr\u00f3nico indicado en la inscripci\u00f3n al concluir el Congreso, siempre y cuando se hayan registrado en tiempo y forma; las ponencias registradas extempor\u00e1neamente la constancia ser\u00e1n envidas al correo indicado en el mes de diciembre de 2025.<br>Fecha de emisi\u00f3n de Convocatoria:<br>30 de mayo de 2025<\/p>\n","protected":false},"excerpt":{"rendered":"<p>La Comisi\u00f3n Interuniversitaria del Servicio Social (CISS)y la Facultad de Contadur\u00eda P\u00fablica y Administraci\u00f3nde la Universidad Aut\u00f3noma de Nuevo Le\u00f3n CONVOCAN A: Las Instituciones de Educaci\u00f3n Superior, docentes, investigadores, estudiantes, directivos y personal administrativo de las dependencias relacionadas con el desarrollo del servicio social a nivel superior, voluntariado universitario, organizaciones sociales, organismos p\u00fablicos aut\u00f3nomos y [&hellip;]<\/p>\n","protected":false},"author":1,"featured_media":0,"parent":0,"menu_order":0,"comment_status":"closed","ping_status":"closed","template":"","meta":{"ocean_post_layout":"","ocean_both_sidebars_style":"","ocean_both_sidebars_content_width":0,"ocean_both_sidebars_sidebars_width":0,"ocean_sidebar":"","ocean_second_sidebar":"","ocean_disable_margins":"enable","ocean_add_body_class":"","ocean_shortcode_before_top_bar":"","ocean_shortcode_after_top_bar":"","ocean_shortcode_before_header":"","ocean_shortcode_after_header":"","ocean_has_shortcode":"","ocean_shortcode_after_title":"","ocean_shortcode_before_footer_widgets":"","ocean_shortcode_after_footer_widgets":"","ocean_shortcode_before_footer_bottom":"","ocean_shortcode_after_footer_bottom":"","ocean_display_top_bar":"default","ocean_display_header":"default","ocean_header_style":"","ocean_center_header_left_menu":"","ocean_custom_header_template":"","ocean_custom_logo":0,"ocean_custom_retina_logo":0,"ocean_custom_logo_max_width":0,"ocean_custom_logo_tablet_max_width":0,"ocean_custom_logo_mobile_max_width":0,"ocean_custom_logo_max_height":0,"ocean_custom_logo_tablet_max_height":0,"ocean_custom_logo_mobile_max_height":0,"ocean_header_custom_menu":"","ocean_menu_typo_font_family":"","ocean_menu_typo_font_subset":"","ocean_menu_typo_font_size":0,"ocean_menu_typo_font_size_tablet":0,"ocean_menu_typo_font_size_mobile":0,"ocean_menu_typo_font_size_unit":"px","ocean_menu_typo_font_weight":"","ocean_menu_typo_font_weight_tablet":"","ocean_menu_typo_font_weight_mobile":"","ocean_menu_typo_transform":"","ocean_menu_typo_transform_tablet":"","ocean_menu_typo_transform_mobile":"","ocean_menu_typo_line_height":0,"ocean_menu_typo_line_height_tablet":0,"ocean_menu_typo_line_height_mobile":0,"ocean_menu_typo_line_height_unit":"","ocean_menu_typo_spacing":0,"ocean_menu_typo_spacing_tablet":0,"ocean_menu_typo_spacing_mobile":0,"ocean_menu_typo_spacing_unit":"","ocean_menu_link_color":"","ocean_menu_link_color_hover":"","ocean_menu_link_color_active":"","ocean_menu_link_background":"","ocean_menu_link_hover_background":"","ocean_menu_link_active_background":"","ocean_menu_social_links_bg":"","ocean_menu_social_hover_links_bg":"","ocean_menu_social_links_color":"","ocean_menu_social_hover_links_color":"","ocean_disable_title":"default","ocean_disable_heading":"default","ocean_post_title":"","ocean_post_subheading":"","ocean_post_title_style":"","ocean_post_title_background_color":"","ocean_post_title_background":0,"ocean_post_title_bg_image_position":"","ocean_post_title_bg_image_attachment":"","ocean_post_title_bg_image_repeat":"","ocean_post_title_bg_image_size":"","ocean_post_title_height":0,"ocean_post_title_bg_overlay":0.5,"ocean_post_title_bg_overlay_color":"","ocean_disable_breadcrumbs":"default","ocean_breadcrumbs_color":"","ocean_breadcrumbs_separator_color":"","ocean_breadcrumbs_links_color":"","ocean_breadcrumbs_links_hover_color":"","ocean_display_footer_widgets":"default","ocean_display_footer_bottom":"default","ocean_custom_footer_template":"","footnotes":""},"class_list":["post-127","page","type-page","status-publish","hentry","entry"],"_links":{"self":[{"href":"https:\/\/ciss.uas.edu.mx\/index.php\/wp-json\/wp\/v2\/pages\/127","targetHints":{"allow":["GET"]}}],"collection":[{"href":"https:\/\/ciss.uas.edu.mx\/index.php\/wp-json\/wp\/v2\/pages"}],"about":[{"href":"https:\/\/ciss.uas.edu.mx\/index.php\/wp-json\/wp\/v2\/types\/page"}],"author":[{"embeddable":true,"href":"https:\/\/ciss.uas.edu.mx\/index.php\/wp-json\/wp\/v2\/users\/1"}],"replies":[{"embeddable":true,"href":"https:\/\/ciss.uas.edu.mx\/index.php\/wp-json\/wp\/v2\/comments?post=127"}],"version-history":[{"count":17,"href":"https:\/\/ciss.uas.edu.mx\/index.php\/wp-json\/wp\/v2\/pages\/127\/revisions"}],"predecessor-version":[{"id":539,"href":"https:\/\/ciss.uas.edu.mx\/index.php\/wp-json\/wp\/v2\/pages\/127\/revisions\/539"}],"wp:attachment":[{"href":"https:\/\/ciss.uas.edu.mx\/index.php\/wp-json\/wp\/v2\/media?parent=127"}],"curies":[{"name":"wp","href":"https:\/\/api.w.org\/{rel}","templated":true}]}}